{"id":7031,"date":"2025-11-08T11:50:05","date_gmt":"2025-11-08T11:50:05","guid":{"rendered":"https:\/\/event-sax-muenchen.com\/?page_id=7031"},"modified":"2026-02-05T15:30:04","modified_gmt":"2026-02-05T15:30:04","slug":"sax-plus-dj","status":"publish","type":"page","link":"https:\/\/event-sax-muenchen.com\/en\/sax-plus-dj\/","title":{"rendered":"Sax plus DJ"},"content":{"rendered":"<div class=\"wp-block-cover alignfull\" style=\"padding-top:0px;min-height:442px;aspect-ratio:unset;\"><img loading=\"lazy\" decoding=\"async\" width=\"1024\" height=\"683\" class=\"wp-block-cover__image-background wp-image-7003 size-large\" alt=\"\" src=\"https:\/\/event-sax-muenchen.com\/wp-content\/uploads\/2025\/11\/marcela-laskoski-YrtFlrLo2DQ-unsplash-1024x683.jpg\" data-object-fit=\"cover\" srcset=\"https:\/\/event-sax-muenchen.com\/wp-content\/uploads\/2025\/11\/marcela-laskoski-YrtFlrLo2DQ-unsplash-1024x683.jpg 1024w, https:\/\/event-sax-muenchen.com\/wp-content\/uploads\/2025\/11\/marcela-laskoski-YrtFlrLo2DQ-unsplash-300x200.jpg 300w, https:\/\/event-sax-muenchen.com\/wp-content\/uploads\/2025\/11\/marcela-laskoski-YrtFlrLo2DQ-unsplash-2000x1333.jpg 2000w, https:\/\/event-sax-muenchen.com\/wp-content\/uploads\/2025\/11\/marcela-laskoski-YrtFlrLo2DQ-unsplash-scaled-18x12.jpg 18w\" sizes=\"auto, (max-width: 1024px) 100vw, 1024px\" \/><span aria-hidden=\"true\" class=\"wp-block-cover__background has-black-background-color has-background-dim-40 has-background-dim\"><\/span><div class=\"wp-block-cover__inner-container is-layout-flow wp-block-cover-is-layout-flow\">\n<div class=\"wp-block-group is-style-default has-global-padding is-layout-constrained wp-block-group-is-layout-constrained\">\n<div style=\"height:251px\" aria-hidden=\"true\" class=\"wp-block-spacer\"><\/div>\n\n\n\n<h2 class=\"wp-block-heading has-text-align-center has-white-color has-text-color has-max-48-font-size\">Sax plus DJ<\/h2>\n\n\n\n<div style=\"height:63px\" aria-hidden=\"true\" class=\"wp-block-spacer\"><\/div>\n<\/div>\n<\/div><\/div>\n\n\n\n<div style=\"height:100px\" aria-hidden=\"true\" class=\"wp-block-spacer\"><\/div>\n\n\n\n<div class=\"wp-block-columns is-layout-flex wp-container-core-columns-is-layout-28f84493 wp-block-columns-is-layout-flex\">\n<div class=\"wp-block-column is-layout-flow wp-block-column-is-layout-flow\" style=\"flex-basis:100%\">\n<div class=\"wp-block-columns is-layout-flex wp-container-core-columns-is-layout-28f84493 wp-block-columns-is-layout-flex\">\n<div class=\"wp-block-column is-layout-flow wp-block-column-is-layout-flow\">\n<figure class=\"wp-block-image size-large\"><img loading=\"lazy\" decoding=\"async\" width=\"683\" height=\"1024\" src=\"https:\/\/event-sax-muenchen.com\/wp-content\/uploads\/2025\/12\/PVK2816-683x1024.jpg\" alt=\"\" class=\"wp-image-7186\" srcset=\"https:\/\/event-sax-muenchen.com\/wp-content\/uploads\/2025\/12\/PVK2816-683x1024.jpg 683w, https:\/\/event-sax-muenchen.com\/wp-content\/uploads\/2025\/12\/PVK2816-200x300.jpg 200w, https:\/\/event-sax-muenchen.com\/wp-content\/uploads\/2025\/12\/PVK2816-2000x3000.jpg 2000w, https:\/\/event-sax-muenchen.com\/wp-content\/uploads\/2025\/12\/PVK2816-scaled-8x12.jpg 8w, https:\/\/event-sax-muenchen.com\/wp-content\/uploads\/2025\/12\/PVK2816-scaled.jpg 1706w\" sizes=\"auto, (max-width: 683px) 100vw, 683px\" \/><\/figure>\n<\/div>\n\n\n\n<div class=\"wp-block-column is-layout-flow wp-block-column-is-layout-flow\">\n<h2 class=\"wp-block-heading has-large-font-size\">Live energy for parties at weddings and events<\/h2>\n\n\n\n<p class=\"has-medium-font-size translation-block\"><strong>DJ &amp; Saxophone<\/strong> stands for maximum energy on the dance floor: the DJ delivers the perfect beat, while the saxophone provides live music that will give you goosebumps and create memorable moments. Well-known club, house, and party tracks are reinterpreted by the saxophone, making your celebration dynamic, exciting, and unforgettable.<\/p>\n\n\n\n<p class=\"has-medium-font-size translation-block\">We will coordinate the music style, schedule, and <strong>individual requests or specific songs<\/strong> together\u2014for a party that suits you perfectly and is guaranteed to be memorable.<\/p>\n<\/div>\n<\/div>\n<\/div>\n<\/div>\n\n\n\n<div style=\"height:100px\" aria-hidden=\"true\" class=\"wp-block-spacer\"><\/div>\n\n\n\n<div class=\"wp-block-cover alignfull has-parallax\" style=\"padding-top:0px;min-height:1077px;aspect-ratio:unset;\"><div class=\"wp-block-cover__image-background wp-image-7187 size-large has-parallax\" style=\"background-position:50% 50%;background-image:url(https:\/\/event-sax-muenchen.com\/wp-content\/uploads\/2025\/12\/david-von-diemar-0BZcsD8UVmM-unsplash-1024x683.jpg)\"><\/div><span aria-hidden=\"true\" class=\"wp-block-cover__background has-black-background-color has-background-dim-40 has-background-dim\"><\/span><div class=\"wp-block-cover__inner-container is-layout-flow wp-block-cover-is-layout-flow\">\n<div style=\"height:100px\" aria-hidden=\"true\" class=\"wp-block-spacer\"><\/div>\n\n\n\n<div class=\"wp-block-columns is-layout-flex wp-container-core-columns-is-layout-28f84493 wp-block-columns-is-layout-flex\">\n<div class=\"wp-block-column is-layout-flow wp-block-column-is-layout-flow\"><\/div>\n\n\n\n<div class=\"wp-block-column is-layout-flow wp-block-column-is-layout-flow\">\n<figure class=\"wp-block-video\"><video height=\"1920\" style=\"aspect-ratio: 906 \/ 1920;\" width=\"906\" controls src=\"https:\/\/event-sax-muenchen.com\/wp-content\/uploads\/2025\/11\/1.-lv_0_20231211113919.mp4\"><\/video><\/figure>\n<\/div>\n\n\n\n<div class=\"wp-block-column is-layout-flow wp-block-column-is-layout-flow\"><\/div>\n<\/div>\n\n\n\n<div class=\"wp-block-group is-style-default has-global-padding is-layout-constrained wp-block-group-is-layout-constrained\">\n<div style=\"height:100px\" aria-hidden=\"true\" class=\"wp-block-spacer\"><\/div>\n<\/div>\n<\/div><\/div>\n\n\n\n<p><\/p>","protected":false},"excerpt":{"rendered":"<p>Live-Energie f\u00fcr die Party auf Hochzeiten und Events DJ &amp; Saxophon\u00a0steht f\u00fcr maximale Energie auf der Tanzfl\u00e4che: Der DJ liefert den perfekten Beat, w\u00e4hrend das Saxophon live f\u00fcr echte G\u00e4nsehaut- und Show-Momente sorgt. Bekannte Club-, House- und Party-Tracks werden durch das Saxophon neu interpretiert und machen Ihre Feier dynamisch, mitrei\u00dfend und unvergesslich. Musikstil, Ablauf und &hellip; <\/p>\n<p class=\"link-more\"><a href=\"https:\/\/event-sax-muenchen.com\/en\/sax-plus-dj\/\" class=\"more-link\">Read more<span class=\"screen-reader-text\"> &#8222;Sax plus DJ&#8220;<\/span><\/a><\/p>","protected":false},"author":1,"featured_media":0,"parent":0,"menu_order":0,"comment_status":"closed","ping_status":"closed","template":"","meta":{"om_disable_all_campaigns":false,"_monsterinsights_skip_tracking":false,"_monsterinsights_sitenote_active":false,"_monsterinsights_sitenote_note":"","_monsterinsights_sitenote_category":0,"inspiro_hide_title":false,"footnotes":""},"class_list":["post-7031","page","type-page","status-publish","hentry"],"aioseo_notices":[],"featured_media_urls":[],"_links":{"self":[{"href":"https:\/\/event-sax-muenchen.com\/en\/wp-json\/wp\/v2\/pages\/7031","targetHints":{"allow":["GET"]}}],"collection":[{"href":"https:\/\/event-sax-muenchen.com\/en\/wp-json\/wp\/v2\/pages"}],"about":[{"href":"https:\/\/event-sax-muenchen.com\/en\/wp-json\/wp\/v2\/types\/page"}],"author":[{"embeddable":true,"href":"https:\/\/event-sax-muenchen.com\/en\/wp-json\/wp\/v2\/users\/1"}],"replies":[{"embeddable":true,"href":"https:\/\/event-sax-muenchen.com\/en\/wp-json\/wp\/v2\/comments?post=7031"}],"version-history":[{"count":11,"href":"https:\/\/event-sax-muenchen.com\/en\/wp-json\/wp\/v2\/pages\/7031\/revisions"}],"predecessor-version":[{"id":7258,"href":"https:\/\/event-sax-muenchen.com\/en\/wp-json\/wp\/v2\/pages\/7031\/revisions\/7258"}],"wp:attachment":[{"href":"https:\/\/event-sax-muenchen.com\/en\/wp-json\/wp\/v2\/media?parent=7031"}],"curies":[{"name":"wp","href":"https:\/\/api.w.org\/{rel}","templated":true}]}}