{"id":7028,"date":"2025-11-08T11:49:18","date_gmt":"2025-11-08T11:49:18","guid":{"rendered":"https:\/\/event-sax-muenchen.com\/?page_id=7028"},"modified":"2026-03-13T21:01:54","modified_gmt":"2026-03-13T21:01:54","slug":"duo-oder-combo","status":"publish","type":"page","link":"https:\/\/event-sax-muenchen.com\/en\/duo-oder-combo\/","title":{"rendered":"Duo or Combo"},"content":{"rendered":"\n<div class=\"wp-block-cover alignfull\" style=\"padding-top:0px\"><img loading=\"lazy\" decoding=\"async\" width=\"1024\" height=\"683\" class=\"wp-block-cover__image-background wp-image-7194 size-large\" alt=\"\" src=\"https:\/\/event-sax-muenchen.com\/wp-content\/uploads\/2025\/12\/dolo-iglesias-z9z6u1rn7sY-unsplash-1024x683.jpg\" style=\"object-position:42% 82%\" data-object-fit=\"cover\" data-object-position=\"42% 82%\" srcset=\"https:\/\/event-sax-muenchen.com\/wp-content\/uploads\/2025\/12\/dolo-iglesias-z9z6u1rn7sY-unsplash-1024x683.jpg 1024w, https:\/\/event-sax-muenchen.com\/wp-content\/uploads\/2025\/12\/dolo-iglesias-z9z6u1rn7sY-unsplash-300x200.jpg 300w, https:\/\/event-sax-muenchen.com\/wp-content\/uploads\/2025\/12\/dolo-iglesias-z9z6u1rn7sY-unsplash-2000x1333.jpg 2000w, https:\/\/event-sax-muenchen.com\/wp-content\/uploads\/2025\/12\/dolo-iglesias-z9z6u1rn7sY-unsplash-600x400.jpg 600w, https:\/\/event-sax-muenchen.com\/wp-content\/uploads\/2025\/12\/dolo-iglesias-z9z6u1rn7sY-unsplash-1200x800.jpg 1200w, https:\/\/event-sax-muenchen.com\/wp-content\/uploads\/2025\/12\/dolo-iglesias-z9z6u1rn7sY-unsplash-scaled-18x12.jpg 18w\" sizes=\"auto, (max-width: 1024px) 100vw, 1024px\" \/><span aria-hidden=\"true\" class=\"wp-block-cover__background has-black-background-color has-background-dim-40 has-background-dim\"><\/span><div class=\"wp-block-cover__inner-container is-layout-flow wp-block-cover-is-layout-flow\">\n<div class=\"wp-block-group is-style-default has-global-padding is-layout-constrained wp-block-group-is-layout-constrained\">\n<div style=\"height:251px\" aria-hidden=\"true\" class=\"wp-block-spacer\"><\/div>\n\n\n\n<h2 class=\"wp-block-heading has-text-align-center has-white-color has-text-color has-max-48-font-size\">Duo oder Combo<\/h2>\n\n\n\n<div style=\"height:63px\" aria-hidden=\"true\" class=\"wp-block-spacer\"><\/div>\n<\/div>\n<\/div><\/div>\n\n\n\n<div style=\"height:100px\" aria-hidden=\"true\" class=\"wp-block-spacer\"><\/div>\n\n\n\n<div class=\"wp-block-group has-global-padding is-layout-constrained wp-block-group-is-layout-constrained\">\n<div class=\"wp-block-columns is-layout-flex wp-container-core-columns-is-layout-28f84493 wp-block-columns-is-layout-flex\">\n<div class=\"wp-block-column is-layout-flow wp-block-column-is-layout-flow\" style=\"flex-basis:100%\">\n<div class=\"wp-block-columns is-layout-flex wp-container-core-columns-is-layout-28f84493 wp-block-columns-is-layout-flex\">\n<div class=\"wp-block-column is-layout-flow wp-block-column-is-layout-flow\" style=\"flex-basis:100%\">\n<div class=\"wp-block-columns is-layout-flex wp-container-core-columns-is-layout-28f84493 wp-block-columns-is-layout-flex\">\n<div class=\"wp-block-column is-layout-flow wp-block-column-is-layout-flow\" style=\"flex-basis:100%\">\n<div class=\"wp-block-columns is-layout-flex wp-container-core-columns-is-layout-28f84493 wp-block-columns-is-layout-flex\">\n<div class=\"wp-block-column is-layout-flow wp-block-column-is-layout-flow\">\n<figure class=\"wp-block-image size-large\"><img loading=\"lazy\" decoding=\"async\" width=\"683\" height=\"1024\" src=\"https:\/\/event-sax-muenchen.com\/wp-content\/uploads\/2025\/10\/174A7940-683x1024.jpeg\" alt=\"\" class=\"wp-image-6990\" srcset=\"https:\/\/event-sax-muenchen.com\/wp-content\/uploads\/2025\/10\/174A7940-683x1024.jpeg 683w, https:\/\/event-sax-muenchen.com\/wp-content\/uploads\/2025\/10\/174A7940-200x300.jpeg 200w, https:\/\/event-sax-muenchen.com\/wp-content\/uploads\/2025\/10\/174A7940-2000x2999.jpeg 2000w, https:\/\/event-sax-muenchen.com\/wp-content\/uploads\/2025\/10\/174A7940-scaled-8x12.jpeg 8w, https:\/\/event-sax-muenchen.com\/wp-content\/uploads\/2025\/10\/174A7940-scaled.jpeg 1708w\" sizes=\"auto, (max-width: 683px) 100vw, 683px\" \/><\/figure>\n<\/div>\n\n\n\n<div class=\"wp-block-column is-layout-flow wp-block-column-is-layout-flow\">\n<h2 class=\"wp-block-heading has-large-font-size\">Live-Musik mit Tiefe und Charakter<\/h2>\n\n\n\n<p class=\"has-medium-font-size\">Als&nbsp;<strong>Saxophon Duo<\/strong>&nbsp;\u2013 zum Beispiel mit&nbsp;<strong>Gitarre oder Klavier<\/strong>&nbsp;\u2013 oder in einer&nbsp;<strong>klassischen Jazzbesetzung<\/strong>&nbsp;mit Bass, Schlagzeug und Klavier sorge ich f\u00fcr stilvolle Live-Musik bei Hochzeiten, Verlobungsfeiern und Events.<\/p>\n\n\n\n<p class=\"has-medium-font-size\">Ob dezent im Hintergrund oder als bewusstes musikalisches Highlight: Die Besetzung wird individuell auf Ihre Feier abgestimmt.<\/p>\n\n\n\n<p class=\"has-medium-font-size\"><strong>W\u00fcnsche, besondere Songs oder Lieblingsst\u00fccke<\/strong>&nbsp;bringen wir gerne mit ein, um eine pers\u00f6nliche Atmosph\u00e4re zu schaffen, die in Erinnerung bleibt.<\/p>\n<\/div>\n<\/div>\n<\/div>\n<\/div>\n<\/div>\n<\/div>\n<\/div>\n<\/div>\n<\/div>\n\n\n\n<div style=\"height:100px\" aria-hidden=\"true\" class=\"wp-block-spacer\"><\/div>\n\n\n\n<div class=\"wp-block-cover alignfull has-parallax\" style=\"padding-top:0px\"><div class=\"wp-block-cover__image-background wp-image-7157 size-large has-parallax\" style=\"background-position:50% 50%;background-image:url(https:\/\/event-sax-muenchen.com\/wp-content\/uploads\/2025\/12\/andrew-knechel-gG6yehL64fo-unsplash-3-1024x768.jpg)\"><\/div><span aria-hidden=\"true\" class=\"wp-block-cover__background has-black-background-color has-background-dim-40 has-background-dim\"><\/span><div class=\"wp-block-cover__inner-container is-layout-flow wp-block-cover-is-layout-flow\">\n<div class=\"wp-block-group is-style-default has-global-padding is-layout-constrained wp-block-group-is-layout-constrained\">\n<div style=\"height:139px\" aria-hidden=\"true\" class=\"wp-block-spacer\"><\/div>\n\n\n\n<div class=\"wp-block-columns is-layout-flex wp-container-core-columns-is-layout-28f84493 wp-block-columns-is-layout-flex\">\n<div class=\"wp-block-column is-layout-flow wp-block-column-is-layout-flow\" style=\"flex-basis:100%\">\n<div class=\"wp-block-columns is-layout-flex wp-container-core-columns-is-layout-28f84493 wp-block-columns-is-layout-flex\">\n<div class=\"wp-block-column is-layout-flow wp-block-column-is-layout-flow\">\n<figure class=\"wp-block-embedpress-embedpress aligncenter\" data-source-id=\"source-5b59e7d8-cd8b-44d5-bdbe-c4970edfc0c8\" data-embed-type=\"Youtube\"><div class=\"gutenberg-block-wraper  \"><div class=\"position-right-wraper ep-embed-content-wraper   \" style=\"position:relative;display:inline-block\"><div class=\"ose-youtube ose-uid-304b012a7e934d72fe016ccb87428df4 ose-embedpress-responsive\" style=\"width:600px; height:340px; max-height:340px; max-width:100%; display:inline-block;\" data-embed-type=\"Youtube\"><div class=\"lyte-wrapper\" title=\"Saxophon &amp;amp; Gitarren-Duo\" style=\"width:640px;max-width:100%;margin:5px auto;\"><div class=\"lyMe qsa_\\&amp;start\\=\" id=\"WYL_-Bv0DK2_XtM\" itemprop=\"video\" itemscope itemtype=\"https:\/\/schema.org\/VideoObject\"><div><meta itemprop=\"thumbnailUrl\" content=\"https:\/\/i.ytimg.com\/vi\/-Bv0DK2_XtM\/hqdefault.jpg\" \/><meta itemprop=\"embedURL\" content=\"https:\/\/www.youtube.com\/embed\/-Bv0DK2_XtM\" \/><meta itemprop=\"duration\" content=\"PT3M47S\" \/><meta itemprop=\"uploadDate\" content=\"2025-12-13T19:03:17Z\" \/><\/div><div id=\"lyte_-Bv0DK2_XtM\" data-src=\"https:\/\/i.ytimg.com\/vi\/-Bv0DK2_XtM\/hqdefault.jpg\" class=\"pL\"><div class=\"tC\"><div class=\"tT\" itemprop=\"name\">Saxophon &amp; Gitarren-Duo<\/div><\/div><div class=\"play\"><\/div><div class=\"ctrl\"><div class=\"Lctrl\"><\/div><div class=\"Rctrl\"><\/div><\/div><\/div><noscript><a href=\"https:\/\/youtu.be\/-Bv0DK2_XtM\" rel=\"nofollow\"><img loading=\"lazy\" decoding=\"async\" src=\"https:\/\/i.ytimg.com\/vi\/-Bv0DK2_XtM\/0.jpg\" alt=\"Saxophon &amp;amp; Gitarren-Duo\" width=\"640\" height=\"340\" \/><br \/>Watch this video on YouTube<\/a><\/noscript><meta itemprop=\"description\" content=\"Jazziges Duo f\u00fcr verschiedenste Anl\u00e4sse und Feiern. Sehr gerne sorgen wir bei Ihrer Veranstaltung mit der richtigen St\u00fcckauswahl f\u00fcr die passende Atmosph\u00e4re, damit Sie einen sch\u00f6nen Tag mit guter Musik erleben und sich Ihre G\u00e4ste wohlf\u00fchlen. Wir beraten Sie gerne im Vorfeld, passen die Musik nach Ihren Vorstellungen an und lassen Ihre Wunschtitel mit einflie\u00dfen. Bei Bedarf l\u00e4sst sich das Duo auch ohne Probleme auf eine gr\u00f6\u00dfere Besetzung erweitern. Fragen Sie uns gerne unverbindlich an: music@hannesendres.de 0:00 Mas Que Nada 1:09 I Feel Good 2:15 Yesterday 3:15 Moanin&#039;\"><\/div><\/div><div class=\"lL\" style=\"max-width:100%;width:640px;margin:5px auto;\"><\/div><\/div><\/div><\/div><style>\n                    [data-source-id=\"source-5b59e7d8-cd8b-44d5-bdbe-c4970edfc0c8\"] .ose-embedpress-responsive{\n                        width: 600px!important;\n                        height: 340px!important;\n                        max-height: 340px!important;\n                    }\n                    [data-source-id=\"source-5b59e7d8-cd8b-44d5-bdbe-c4970edfc0c8\"] iframe{\n                        width: 600px!important;\n                        height: 340px!important;\n                        max-height: 340px!important;\n                    }\n                    [data-source-id=\"source-5b59e7d8-cd8b-44d5-bdbe-c4970edfc0c8\"] .embedpress-yt-subscribe iframe{\n                        height: 100%!important;\n                    }\n                    [data-source-id=\"source-5b59e7d8-cd8b-44d5-bdbe-c4970edfc0c8\"] .ose-youtube > iframe{\n                        height: 340px!important;\n                        width: 600px!important;\n                        max-width: 100%!important;\n                    }\n                    [data-source-id=\"source-5b59e7d8-cd8b-44d5-bdbe-c4970edfc0c8\"] .ose-youtube{\n                        height: 340px!important;\n                        width: 600px!important;\n                    }\n                    [data-source-id=\"source-5b59e7d8-cd8b-44d5-bdbe-c4970edfc0c8\"] .ose-giphy img{\n                        height: 340px!important;\n                        width: 600px!important;\n                    }\n                    [data-source-id=\"source-5b59e7d8-cd8b-44d5-bdbe-c4970edfc0c8\"] .ose-google-docs img{\n                        height: 340px!important;\n                        width: 600px!important;\n                    }\n                    [data-source-id=\"source-5b59e7d8-cd8b-44d5-bdbe-c4970edfc0c8\"] .ose-embedpress-responsive.ose-google-photos{\n                        height: 100% !important;\n                        max-height: 100% !important;\n                    }\n\n                    [data-source-id=\"source-5b59e7d8-cd8b-44d5-bdbe-c4970edfc0c8\"] .embera-embed-responsive-provider-gettyimages,\n                    [data-source-id=\"source-5b59e7d8-cd8b-44d5-bdbe-c4970edfc0c8\"] .embera-embed-responsive-provider-gettyimages iframe,\n                    [data-source-id=\"source-5b59e7d8-cd8b-44d5-bdbe-c4970edfc0c8\"] .getty{\n                        width: 600px!important;\n                        height: 340px!important;\n                        max-height: 340px!important;\n                        max-width: 100%!important;\n                    }\n                    <\/style><style>\n                    [data-source-id=\"source-5b59e7d8-cd8b-44d5-bdbe-c4970edfc0c8\"] img.watermark{\n                        display: none;\n                    }\n                    \n                    <\/style><style>\n                    [data-source-id=\"source-5b59e7d8-cd8b-44d5-bdbe-c4970edfc0c8\"] .ose-youtube {\n                        width: 600px!important;\n                        position: relative;\n                        padding: 0;\n                        padding-top: 56.5%;\n                        height: 100%!important;\n                    }\n                    \n                    [data-source-id=\"source-5b59e7d8-cd8b-44d5-bdbe-c4970edfc0c8\"] .ose-youtube iframe {\n                        position: absolute;\n                        top: 0;\n                        left: 0;\n                        width: 100%;\n                        height: 100%!important;\n                    }\n                    <\/style><\/figure>\n<\/div>\n<\/div>\n<\/div>\n<\/div>\n\n\n\n<div style=\"height:138px\" aria-hidden=\"true\" class=\"wp-block-spacer\"><\/div>\n<\/div>\n<\/div><\/div>\n","protected":false},"excerpt":{"rendered":"<p>Live-Musik mit Tiefe und Charakter Als&nbsp;Saxophon Duo&nbsp;\u2013 zum Beispiel mit&nbsp;Gitarre oder Klavier&nbsp;\u2013 oder in einer&nbsp;klassischen Jazzbesetzung&nbsp;mit Bass, Schlagzeug und Klavier sorge ich f\u00fcr stilvolle Live-Musik bei Hochzeiten, Verlobungsfeiern und Events. Ob dezent im Hintergrund oder als bewusstes musikalisches Highlight: Die Besetzung wird individuell auf Ihre Feier abgestimmt. W\u00fcnsche, besondere Songs oder Lieblingsst\u00fccke&nbsp;bringen wir gerne mit &hellip; <\/p>\n<p class=\"link-more\"><a href=\"https:\/\/event-sax-muenchen.com\/en\/duo-oder-combo\/\" class=\"more-link\">Read more<span class=\"screen-reader-text\"> &#8222;Duo oder Combo&#8220;<\/span><\/a><\/p>","protected":false},"author":1,"featured_media":0,"parent":0,"menu_order":0,"comment_status":"closed","ping_status":"closed","template":"","meta":{"om_disable_all_campaigns":false,"_monsterinsights_skip_tracking":false,"_monsterinsights_sitenote_active":false,"_monsterinsights_sitenote_note":"","_monsterinsights_sitenote_category":0,"inspiro_hide_title":false,"footnotes":""},"class_list":["post-7028","page","type-page","status-publish","hentry"],"aioseo_notices":[],"featured_media_urls":[],"_links":{"self":[{"href":"https:\/\/event-sax-muenchen.com\/en\/wp-json\/wp\/v2\/pages\/7028","targetHints":{"allow":["GET"]}}],"collection":[{"href":"https:\/\/event-sax-muenchen.com\/en\/wp-json\/wp\/v2\/pages"}],"about":[{"href":"https:\/\/event-sax-muenchen.com\/en\/wp-json\/wp\/v2\/types\/page"}],"author":[{"embeddable":true,"href":"https:\/\/event-sax-muenchen.com\/en\/wp-json\/wp\/v2\/users\/1"}],"replies":[{"embeddable":true,"href":"https:\/\/event-sax-muenchen.com\/en\/wp-json\/wp\/v2\/comments?post=7028"}],"version-history":[{"count":36,"href":"https:\/\/event-sax-muenchen.com\/en\/wp-json\/wp\/v2\/pages\/7028\/revisions"}],"predecessor-version":[{"id":7380,"href":"https:\/\/event-sax-muenchen.com\/en\/wp-json\/wp\/v2\/pages\/7028\/revisions\/7380"}],"wp:attachment":[{"href":"https:\/\/event-sax-muenchen.com\/en\/wp-json\/wp\/v2\/media?parent=7028"}],"curies":[{"name":"wp","href":"https:\/\/api.w.org\/{rel}","templated":true}]}}