{"id":6840,"date":"2023-11-16T13:47:48","date_gmt":"2023-11-16T13:47:48","guid":{"rendered":"https:\/\/demo.wpzoom.com\/inspiro-lite-blocks-xml\/?page_id=6840"},"modified":"2026-03-13T21:01:04","modified_gmt":"2026-03-13T21:01:04","slug":"solo-saxophon","status":"publish","type":"page","link":"https:\/\/event-sax-muenchen.com\/en\/solo-saxophon\/","title":{"rendered":"Solo Saxophone"},"content":{"rendered":"\n<div class=\"wp-block-group has-text-color has-link-color wp-elements-630d96bc807f207dfff605c1b9f0c999 has-global-padding is-layout-constrained wp-container-core-group-is-layout-3a820303 wp-block-group-is-layout-constrained\" style=\"color:#000000;padding-right:var(--wp--preset--spacing--small);padding-left:var(--wp--preset--spacing--small)\">\n<div class=\"wp-block-cover alignfull\" style=\"padding-top:0px\"><img loading=\"lazy\" decoding=\"async\" width=\"1024\" height=\"768\" class=\"wp-block-cover__image-background wp-image-6981 size-large\" alt=\"\" src=\"https:\/\/event-sax-muenchen.com\/wp-content\/uploads\/2025\/10\/IMG_5959-1-1024x768.jpeg\" style=\"object-position:53% 51%\" data-object-fit=\"cover\" data-object-position=\"53% 51%\" srcset=\"https:\/\/event-sax-muenchen.com\/wp-content\/uploads\/2025\/10\/IMG_5959-1-1024x768.jpeg 1024w, https:\/\/event-sax-muenchen.com\/wp-content\/uploads\/2025\/10\/IMG_5959-1-300x225.jpeg 300w, https:\/\/event-sax-muenchen.com\/wp-content\/uploads\/2025\/10\/IMG_5959-1-2000x1500.jpeg 2000w, https:\/\/event-sax-muenchen.com\/wp-content\/uploads\/2025\/10\/IMG_5959-1-scaled-16x12.jpeg 16w\" sizes=\"auto, (max-width: 1024px) 100vw, 1024px\" \/><span aria-hidden=\"true\" class=\"wp-block-cover__background has-black-background-color has-background-dim-40 has-background-dim\"><\/span><div class=\"wp-block-cover__inner-container is-layout-flow wp-block-cover-is-layout-flow\">\n<div class=\"wp-block-group is-style-default has-global-padding is-layout-constrained wp-block-group-is-layout-constrained\">\n<div style=\"height:251px\" aria-hidden=\"true\" class=\"wp-block-spacer\"><\/div>\n\n\n\n<h2 class=\"wp-block-heading has-text-align-center has-white-color has-text-color has-max-48-font-size\">Solo Saxophon <\/h2>\n\n\n\n<div style=\"height:63px\" aria-hidden=\"true\" class=\"wp-block-spacer\"><\/div>\n<\/div>\n<\/div><\/div>\n<\/div>\n\n\n\n<div style=\"height:100px\" aria-hidden=\"true\" class=\"wp-block-spacer\"><\/div>\n\n\n\n<div class=\"wp-block-group has-global-padding is-layout-constrained wp-block-group-is-layout-constrained\">\n<div class=\"wp-block-columns is-layout-flex wp-container-core-columns-is-layout-28f84493 wp-block-columns-is-layout-flex\">\n<div class=\"wp-block-column is-layout-flow wp-block-column-is-layout-flow\" style=\"flex-basis:100%\">\n<div class=\"wp-block-columns is-layout-flex wp-container-core-columns-is-layout-28f84493 wp-block-columns-is-layout-flex\">\n<div class=\"wp-block-column is-layout-flow wp-block-column-is-layout-flow\" style=\"flex-basis:100%\">\n<div class=\"wp-block-columns is-layout-flex wp-container-core-columns-is-layout-28f84493 wp-block-columns-is-layout-flex\">\n<div class=\"wp-block-column is-layout-flow wp-block-column-is-layout-flow\" style=\"flex-basis:100%\">\n<div class=\"wp-block-columns is-layout-flex wp-container-core-columns-is-layout-28f84493 wp-block-columns-is-layout-flex\">\n<div class=\"wp-block-column is-layout-flow wp-block-column-is-layout-flow\">\n<figure class=\"wp-block-image size-large\"><img loading=\"lazy\" decoding=\"async\" width=\"1024\" height=\"683\" src=\"https:\/\/event-sax-muenchen.com\/wp-content\/uploads\/2025\/10\/Hannes_Endres_web_05-1024x683.jpeg\" alt=\"\" class=\"wp-image-6992\" style=\"aspect-ratio:3\/4;object-fit:cover\" srcset=\"https:\/\/event-sax-muenchen.com\/wp-content\/uploads\/2025\/10\/Hannes_Endres_web_05-1024x683.jpeg 1024w, https:\/\/event-sax-muenchen.com\/wp-content\/uploads\/2025\/10\/Hannes_Endres_web_05-300x200.jpeg 300w, https:\/\/event-sax-muenchen.com\/wp-content\/uploads\/2025\/10\/Hannes_Endres_web_05-600x400.jpeg 600w, https:\/\/event-sax-muenchen.com\/wp-content\/uploads\/2025\/10\/Hannes_Endres_web_05-1200x800.jpeg 1200w, https:\/\/event-sax-muenchen.com\/wp-content\/uploads\/2025\/10\/Hannes_Endres_web_05-18x12.jpeg 18w, https:\/\/event-sax-muenchen.com\/wp-content\/uploads\/2025\/10\/Hannes_Endres_web_05.jpeg 1620w\" sizes=\"auto, (max-width: 1024px) 100vw, 1024px\" \/><\/figure>\n<\/div>\n\n\n\n<div class=\"wp-block-column is-layout-flow wp-block-column-is-layout-flow\">\n<h2 class=\"wp-block-heading has-large-font-size\">Flexibel &amp; pers\u00f6nlich f\u00fcr Hochzeiten und Events<\/h2>\n\n\n\n<p class=\"has-medium-font-size\">Mit meinem&nbsp;<strong>Saxophon<\/strong>&nbsp;begleite ich Hochzeiten, Verlobungsfeiern und Events mit stilvoller Live-Musik \u2013 wahlweise&nbsp;<strong>rein akustisch<\/strong>&nbsp;oder&nbsp;<strong>mit hochwertigen Backing Tracks<\/strong>.<\/p>\n\n\n\n<p class=\"has-medium-font-size\">Ob dezent im Hintergrund beim Sektempfang oder Dinner oder als gezieltes musikalisches Highlight: Der warme Klang des Saxophons schafft eine elegante Atmosph\u00e4re.<\/p>\n\n\n\n<p class=\"has-medium-font-size\"><strong>Gerne gehe ich auf individuelle W\u00fcnsche ein und integriere besondere Songs<\/strong>, die Ihre Feier pers\u00f6nlich und unvergesslich machen.<\/p>\n<\/div>\n<\/div>\n<\/div>\n<\/div>\n<\/div>\n<\/div>\n<\/div>\n<\/div>\n<\/div>\n\n\n\n<div style=\"height:30px\" aria-hidden=\"true\" class=\"wp-block-spacer\"><\/div>\n\n\n\n<div class=\"wp-block-cover alignfull has-parallax\" style=\"padding-top:0px\"><div class=\"wp-block-cover__image-background wp-image-7157 size-large has-parallax\" style=\"background-position:50% 50%;background-image:url(https:\/\/event-sax-muenchen.com\/wp-content\/uploads\/2025\/12\/andrew-knechel-gG6yehL64fo-unsplash-3-1024x768.jpg)\"><\/div><span aria-hidden=\"true\" class=\"wp-block-cover__background has-black-background-color has-background-dim-40 has-background-dim\"><\/span><div class=\"wp-block-cover__inner-container is-layout-flow wp-block-cover-is-layout-flow\">\n<div class=\"wp-block-group is-style-default has-global-padding is-layout-constrained wp-block-group-is-layout-constrained\">\n<div style=\"height:139px\" aria-hidden=\"true\" class=\"wp-block-spacer\"><\/div>\n\n\n\n<figure class=\"wp-block-embedpress-embedpress aligncenter\" data-source-id=\"source-4408b241-09a4-493f-b574-aab384c081b4\" data-embed-type=\"Youtube\"><div class=\"gutenberg-block-wraper  \"><div class=\"position-right-wraper ep-embed-content-wraper   \" style=\"position:relative;display:inline-block\"><div class=\"ose-youtube ose-uid-4f33cd01cec5cd853de3696816726293 ose-embedpress-responsive\" style=\"width:600px; height:340px; max-height:340px; max-width:100%; display:inline-block;\" data-embed-type=\"Youtube\"><div class=\"lyte-wrapper\" title=\"Solo - Saxophon\" style=\"width:640px;max-width:100%;margin:5px auto;\"><div class=\"lyMe qsa_\\&amp;start\\=\" id=\"WYL_TPXFoZf-19M\" itemprop=\"video\" itemscope itemtype=\"https:\/\/schema.org\/VideoObject\"><div><meta itemprop=\"thumbnailUrl\" content=\"https:\/\/i.ytimg.com\/vi\/TPXFoZf-19M\/hqdefault.jpg\" \/><meta itemprop=\"embedURL\" content=\"https:\/\/www.youtube.com\/embed\/TPXFoZf-19M\" \/><meta itemprop=\"duration\" content=\"PT4M11S\" \/><meta itemprop=\"uploadDate\" content=\"2025-12-13T18:51:48Z\" \/><\/div><div id=\"lyte_TPXFoZf-19M\" data-src=\"https:\/\/i.ytimg.com\/vi\/TPXFoZf-19M\/hqdefault.jpg\" class=\"pL\"><div class=\"tC\"><div class=\"tT\" itemprop=\"name\">Solo - Saxophon<\/div><\/div><div class=\"play\"><\/div><div class=\"ctrl\"><div class=\"Lctrl\"><\/div><div class=\"Rctrl\"><\/div><\/div><\/div><noscript><a href=\"https:\/\/youtu.be\/TPXFoZf-19M\" rel=\"nofollow\"><img loading=\"lazy\" decoding=\"async\" src=\"https:\/\/i.ytimg.com\/vi\/TPXFoZf-19M\/0.jpg\" alt=\"Solo - Saxophon\" width=\"640\" height=\"340\" \/><br \/>Watch this video on YouTube<\/a><\/noscript><meta itemprop=\"description\" content=\"Solo-Saxophon f\u00fcr verschiedenste Anl\u00e4sse und Feiern. Sehr gerne sorge ich bei Ihrer Veranstaltung mit der richtigen St\u00fcckauswahl f\u00fcr die passende Atmosph\u00e4re, damit Sie einen sch\u00f6nen Tag mit guter Musik erleben und sich Ihre G\u00e4ste wohlf\u00fchlen. Ich berate Sie gerne im Vorfeld, passe die Musik nach Ihren Vorstellungen an und lasse Ihre Wunschtitel mit einflie\u00dfen. Bei Bedarf l\u00e4sst sich das Ganze auch ohne Probleme mit DJ erweitern. Fragen Sie mich gerne unverbindlich an: kontakt@event-sax-muenchen.com 0:00 Dance Monkey - Tones And I 0:59 Perfect - Ed Sheeran 2:03 Jubel - Klingande 3:06 At Last! - Etta James\"><\/div><\/div><div class=\"lL\" style=\"max-width:100%;width:640px;margin:5px auto;\"><\/div><\/div><\/div><\/div><style>\n                    [data-source-id=\"source-4408b241-09a4-493f-b574-aab384c081b4\"] .ose-embedpress-responsive{\n                        width: 600px!important;\n                        height: 340px!important;\n                        max-height: 340px!important;\n                    }\n                    [data-source-id=\"source-4408b241-09a4-493f-b574-aab384c081b4\"] iframe{\n                        width: 600px!important;\n                        height: 340px!important;\n                        max-height: 340px!important;\n                    }\n                    [data-source-id=\"source-4408b241-09a4-493f-b574-aab384c081b4\"] .embedpress-yt-subscribe iframe{\n                        height: 100%!important;\n                    }\n                    [data-source-id=\"source-4408b241-09a4-493f-b574-aab384c081b4\"] .ose-youtube > iframe{\n                        height: 340px!important;\n                        width: 600px!important;\n                        max-width: 100%!important;\n                    }\n                    [data-source-id=\"source-4408b241-09a4-493f-b574-aab384c081b4\"] .ose-youtube{\n                        height: 340px!important;\n                        width: 600px!important;\n                    }\n                    [data-source-id=\"source-4408b241-09a4-493f-b574-aab384c081b4\"] .ose-giphy img{\n                        height: 340px!important;\n                        width: 600px!important;\n                    }\n                    [data-source-id=\"source-4408b241-09a4-493f-b574-aab384c081b4\"] .ose-google-docs img{\n                        height: 340px!important;\n                        width: 600px!important;\n                    }\n                    [data-source-id=\"source-4408b241-09a4-493f-b574-aab384c081b4\"] .ose-embedpress-responsive.ose-google-photos{\n                        height: 100% !important;\n                        max-height: 100% !important;\n                    }\n\n                    [data-source-id=\"source-4408b241-09a4-493f-b574-aab384c081b4\"] .embera-embed-responsive-provider-gettyimages,\n                    [data-source-id=\"source-4408b241-09a4-493f-b574-aab384c081b4\"] .embera-embed-responsive-provider-gettyimages iframe,\n                    [data-source-id=\"source-4408b241-09a4-493f-b574-aab384c081b4\"] .getty{\n                        width: 600px!important;\n                        height: 340px!important;\n                        max-height: 340px!important;\n                        max-width: 100%!important;\n                    }\n                    <\/style><style>\n                    [data-source-id=\"source-4408b241-09a4-493f-b574-aab384c081b4\"] img.watermark{\n                        display: none;\n                    }\n                    \n                    <\/style><style>\n                    [data-source-id=\"source-4408b241-09a4-493f-b574-aab384c081b4\"] .ose-youtube {\n                        width: 600px!important;\n                        position: relative;\n                        padding: 0;\n                        padding-top: 56.5%;\n                        height: 100%!important;\n                    }\n                    \n                    [data-source-id=\"source-4408b241-09a4-493f-b574-aab384c081b4\"] .ose-youtube iframe {\n                        position: absolute;\n                        top: 0;\n                        left: 0;\n                        width: 100%;\n                        height: 100%!important;\n                    }\n                    <\/style><\/figure>\n\n\n\n<div style=\"height:138px\" aria-hidden=\"true\" class=\"wp-block-spacer\"><\/div>\n<\/div>\n<\/div><\/div>\n\n\n\n<p><\/p>\n","protected":false},"excerpt":{"rendered":"<p>Flexibel &amp; pers\u00f6nlich f\u00fcr Hochzeiten und Events Mit meinem&nbsp;Saxophon&nbsp;begleite ich Hochzeiten, Verlobungsfeiern und Events mit stilvoller Live-Musik \u2013 wahlweise&nbsp;rein akustisch&nbsp;oder&nbsp;mit hochwertigen Backing Tracks. Ob dezent im Hintergrund beim Sektempfang oder Dinner oder als gezieltes musikalisches Highlight: Der warme Klang des Saxophons schafft eine elegante Atmosph\u00e4re. Gerne gehe ich auf individuelle W\u00fcnsche ein und integriere besondere &hellip; <\/p>\n<p class=\"link-more\"><a href=\"https:\/\/event-sax-muenchen.com\/en\/solo-saxophon\/\" class=\"more-link\">Read more<span class=\"screen-reader-text\"> &#8222;Solo Saxophon&#8220;<\/span><\/a><\/p>","protected":false},"author":1,"featured_media":0,"parent":0,"menu_order":0,"comment_status":"closed","ping_status":"closed","template":"page-templates\/full-width-no-title.php","meta":{"om_disable_all_campaigns":false,"_monsterinsights_skip_tracking":false,"_monsterinsights_sitenote_active":false,"_monsterinsights_sitenote_note":"","_monsterinsights_sitenote_category":0,"inspiro_hide_title":false,"footnotes":""},"class_list":["post-6840","page","type-page","status-publish","hentry"],"aioseo_notices":[],"featured_media_urls":[],"_links":{"self":[{"href":"https:\/\/event-sax-muenchen.com\/en\/wp-json\/wp\/v2\/pages\/6840","targetHints":{"allow":["GET"]}}],"collection":[{"href":"https:\/\/event-sax-muenchen.com\/en\/wp-json\/wp\/v2\/pages"}],"about":[{"href":"https:\/\/event-sax-muenchen.com\/en\/wp-json\/wp\/v2\/types\/page"}],"author":[{"embeddable":true,"href":"https:\/\/event-sax-muenchen.com\/en\/wp-json\/wp\/v2\/users\/1"}],"replies":[{"embeddable":true,"href":"https:\/\/event-sax-muenchen.com\/en\/wp-json\/wp\/v2\/comments?post=6840"}],"version-history":[{"count":25,"href":"https:\/\/event-sax-muenchen.com\/en\/wp-json\/wp\/v2\/pages\/6840\/revisions"}],"predecessor-version":[{"id":7379,"href":"https:\/\/event-sax-muenchen.com\/en\/wp-json\/wp\/v2\/pages\/6840\/revisions\/7379"}],"wp:attachment":[{"href":"https:\/\/event-sax-muenchen.com\/en\/wp-json\/wp\/v2\/media?parent=6840"}],"curies":[{"name":"wp","href":"https:\/\/api.w.org\/{rel}","templated":true}]}}