{"id":29,"date":"2025-12-12T19:32:58","date_gmt":"2025-12-12T19:32:58","guid":{"rendered":"https:\/\/event-sax-muenchen.com\/?page_id=29"},"modified":"2026-02-05T15:28:35","modified_gmt":"2026-02-05T15:28:35","slug":"kontakt","status":"publish","type":"page","link":"https:\/\/event-sax-muenchen.com\/en\/kontakt\/","title":{"rendered":"Contact"},"content":{"rendered":"\n<div style=\"height:156px\" aria-hidden=\"true\" class=\"wp-block-spacer\"><\/div>\n\n\n\n<div class=\"wp-block-group has-global-padding is-layout-constrained wp-block-group-is-layout-constrained\">\n<div class=\"wp-block-columns are-vertically-aligned-top is-layout-flex wp-container-core-columns-is-layout-d7d455e7 wp-block-columns-is-layout-flex\" style=\"padding-top:0;padding-right:0;padding-bottom:0;padding-left:0\">\n<div class=\"wp-block-column is-vertically-aligned-top is-layout-flow wp-block-column-is-layout-flow\" style=\"padding-right:7%;flex-basis:50%\">\n<p class=\"has-text-color\" style=\"color:#0bb4aa\">Kontakt und Anfrage<\/p>\n\n\n\n<h2 class=\"wp-block-heading has-large-font-size\">Bereichern Sie Ihre Veranstaltung<\/h2>\n\n\n\n<p>Schreiben Sie mir gerne \u00fcber das Kontaktformular \u2013 ich melde mich zeitnah zur\u00fcck und berate Sie pers\u00f6nlich zu Ablauf, Besetzung und musikalischen W\u00fcnschen.<br><\/p>\n<\/div>\n\n\n\n<div class=\"wp-block-column is-vertically-aligned-top is-layout-flow wp-block-column-is-layout-flow\" style=\"flex-basis:50%\"><style id=\"wpforms-css-vars-7039-block-2601cc51-0442-4b1f-8dfe-17d642d566b1\">\n\t\t\t\t#wpforms-7039.wpforms-block-2601cc51-0442-4b1f-8dfe-17d642d566b1 {\n\t\t\t\t--wpforms-field-size-input-height: 43px;\n--wpforms-field-size-input-spacing: 15px;\n--wpforms-field-size-font-size: 16px;\n--wpforms-field-size-line-height: 19px;\n--wpforms-field-size-padding-h: 14px;\n--wpforms-field-size-checkbox-size: 16px;\n--wpforms-field-size-sublabel-spacing: 5px;\n--wpforms-field-size-icon-size: 1;\n--wpforms-label-size-font-size: 16px;\n--wpforms-label-size-line-height: 19px;\n--wpforms-label-size-sublabel-font-size: 14px;\n--wpforms-label-size-sublabel-line-height: 17px;\n--wpforms-button-size-font-size: 17px;\n--wpforms-button-size-height: 41px;\n--wpforms-button-size-padding-h: 15px;\n--wpforms-button-size-margin-top: 10px;\n\t\t\t}\n\t\t\t<\/style><div class=\"wpforms-container wpforms-container-full wpforms-block wpforms-block-2601cc51-0442-4b1f-8dfe-17d642d566b1 wpforms-render-modern\" id=\"wpforms-7039\"><form id=\"wpforms-form-7039\" class=\"wpforms-validate wpforms-form wpforms-ajax-form\" data-formid=\"7039\" method=\"post\" enctype=\"multipart\/form-data\" action=\"\/en\/wp-json\/wp\/v2\/pages\/29\" data-token=\"536f1144e4f2b02f310d148654b51af9\" data-token-time=\"1776697148\"><noscript class=\"wpforms-error-noscript\">Please enable JavaScript in your browser to complete this form.<\/noscript><div id=\"wpforms-error-noscript\" style=\"display: none;\">Please enable JavaScript in your browser to complete this form.<\/div><div class=\"wpforms-field-container\"><div id=\"wpforms-7039-field_1-container\" class=\"wpforms-field wpforms-field-name\" data-field-id=\"1\"><label class=\"wpforms-field-label\" for=\"wpforms-7039-field_1\">Name <span class=\"wpforms-required-label\" aria-hidden=\"true\">*<\/span><\/label><input type=\"text\" id=\"wpforms-7039-field_1\" class=\"wpforms-field-large wpforms-field-required\" name=\"wpforms[fields][1]\" aria-errormessage=\"wpforms-7039-field_1-error\" required><\/div><div id=\"wpforms-7039-field_4-container\" class=\"wpforms-field wpforms-field-text\" data-field-id=\"4\"><label class=\"wpforms-field-label\" for=\"wpforms-7039-field_4\">Betreff<\/label><input type=\"text\" id=\"wpforms-7039-field_4\" class=\"wpforms-field-large\" name=\"wpforms[fields][4]\" aria-errormessage=\"wpforms-7039-field_4-error\" ><\/div><div id=\"wpforms-7039-field_2-container\" class=\"wpforms-field wpforms-field-email\" data-field-id=\"2\"><label class=\"wpforms-field-label\" for=\"wpforms-7039-field_2\">E-Mail-Adresse <span class=\"wpforms-required-label\" aria-hidden=\"true\">*<\/span><\/label><input type=\"email\" id=\"wpforms-7039-field_2\" class=\"wpforms-field-large wpforms-field-required\" name=\"wpforms[fields][2]\" spellcheck=\"false\" aria-errormessage=\"wpforms-7039-field_2-error\" required><\/div>\t\t<div id=\"wpforms-7039-field_5-container\"\n\t\t\tclass=\"wpforms-field wpforms-field-text\"\n\t\t\tdata-field-type=\"text\"\n\t\t\tdata-field-id=\"5\"\n\t\t\t>\n\t\t\t<label class=\"wpforms-field-label\" for=\"wpforms-7039-field_5\" >Betreff Nachricht E-Mail-Adresse<\/label>\n\t\t\t<input type=\"text\" id=\"wpforms-7039-field_5\" class=\"wpforms-field-medium\" name=\"wpforms[fields][5]\" >\n\t\t<\/div>\n\t\t<div id=\"wpforms-7039-field_3-container\" class=\"wpforms-field wpforms-field-textarea\" data-field-id=\"3\"><label class=\"wpforms-field-label\" for=\"wpforms-7039-field_3\">Nachricht <span class=\"wpforms-required-label\" aria-hidden=\"true\">*<\/span><\/label><textarea id=\"wpforms-7039-field_3\" class=\"wpforms-field-medium wpforms-field-required\" name=\"wpforms[fields][3]\" aria-errormessage=\"wpforms-7039-field_3-error\" required><\/textarea><\/div><script>\n\t\t\t\t( function() {\n\t\t\t\t\tconst style = document.createElement( 'style' );\n\t\t\t\t\tstyle.appendChild( document.createTextNode( '#wpforms-7039-field_5-container { position: absolute !important; overflow: hidden !important; display: inline !important; height: 1px !important; width: 1px !important; z-index: -1000 !important; padding: 0 !important; } #wpforms-7039-field_5-container input { visibility: hidden; } #wpforms-conversational-form-page #wpforms-7039-field_5-container label { counter-increment: none; }' ) );\n\t\t\t\t\tdocument.head.appendChild( style );\n\t\t\t\t\tdocument.currentScript?.remove();\n\t\t\t\t} )();\n\t\t\t<\/script><\/div><!-- .wpforms-field-container --><div class=\"wpforms-submit-container\" ><input type=\"hidden\" name=\"wpforms[id]\" value=\"7039\"><input type=\"hidden\" name=\"page_title\" value=\"\"><input type=\"hidden\" name=\"page_url\" value=\"https:\/\/event-sax-muenchen.com\/en\/wp-json\/wp\/v2\/pages\/29\"><input type=\"hidden\" name=\"url_referer\" value=\"\"><button type=\"submit\" name=\"wpforms[submit]\" id=\"wpforms-submit-7039\" class=\"wpforms-submit\" data-alt-text=\"Wird gesendet\u00a0\u2026\" data-submit-text=\"Absenden\" aria-live=\"assertive\" value=\"wpforms-submit\">Absenden<\/button><img loading=\"lazy\" decoding=\"async\" src=\"https:\/\/event-sax-muenchen.com\/wp-content\/plugins\/wpforms-lite\/assets\/images\/submit-spin.svg\" class=\"wpforms-submit-spinner\" style=\"display: none;\" width=\"26\" height=\"26\" alt=\"Loading\"><\/div><\/form><\/div>  <!-- .wpforms-container --><\/div>\n<\/div>\n\n\n\n<div style=\"height:135px\" aria-hidden=\"true\" class=\"wp-block-spacer\"><\/div>\n<\/div>\n\n\n\n<div class=\"wp-block-group alignfull has-global-padding is-layout-constrained wp-container-core-group-is-layout-19e250f3 wp-block-group-is-layout-constrained\">\n<div class=\"wp-block-columns alignfull are-vertically-aligned-center has-light-background-background-color has-background is-layout-flex wp-container-core-columns-is-layout-dd282781 wp-block-columns-is-layout-flex\" style=\"padding-top:0;padding-right:0;padding-bottom:0;padding-left:0\">\n<div class=\"wp-block-column is-vertically-aligned-center map-grayscale is-layout-flow wp-block-column-is-layout-flow\" style=\"flex-basis:50%\"><\/div>\n<\/div>\n<\/div>\n\n\n\n<div class=\"wp-block-group has-global-padding is-layout-constrained wp-block-group-is-layout-constrained\">\n<div style=\"height:73px\" aria-hidden=\"true\" class=\"wp-block-spacer\"><\/div>\n<\/div>\n","protected":false},"excerpt":{"rendered":"<p>Kontakt und Anfrage Bereichern Sie Ihre Veranstaltung Schreiben Sie mir gerne \u00fcber das Kontaktformular \u2013 ich melde mich zeitnah zur\u00fcck und berate Sie pers\u00f6nlich zu Ablauf, Besetzung und musikalischen W\u00fcnschen.<\/p>","protected":false},"author":1,"featured_media":6995,"parent":0,"menu_order":0,"comment_status":"closed","ping_status":"closed","template":"","meta":{"om_disable_all_campaigns":false,"_monsterinsights_skip_tracking":false,"_monsterinsights_sitenote_active":false,"_monsterinsights_sitenote_note":"","_monsterinsights_sitenote_category":0,"inspiro_hide_title":false,"footnotes":""},"class_list":["post-29","page","type-page","status-publish","has-post-thumbnail","hentry"],"aioseo_notices":[],"featured_media_urls":{"thumbnail":["https:\/\/event-sax-muenchen.com\/wp-content\/uploads\/2025\/10\/Hannes_Endres_bw_web_04-150x150.jpeg",150,150,true],"medium":["https:\/\/event-sax-muenchen.com\/wp-content\/uploads\/2025\/10\/Hannes_Endres_bw_web_04-300x200.jpeg",300,200,true],"medium_large":["https:\/\/event-sax-muenchen.com\/wp-content\/uploads\/2025\/10\/Hannes_Endres_bw_web_04.jpeg",768,512,false],"large":["https:\/\/event-sax-muenchen.com\/wp-content\/uploads\/2025\/10\/Hannes_Endres_bw_web_04-1024x683.jpeg",950,634,true],"1536x1536":["https:\/\/event-sax-muenchen.com\/wp-content\/uploads\/2025\/10\/Hannes_Endres_bw_web_04-1536x1024.jpeg",1536,1024,true],"2048x2048":["https:\/\/event-sax-muenchen.com\/wp-content\/uploads\/2025\/10\/Hannes_Endres_bw_web_04.jpeg",1620,1080,false],"trp-custom-language-flag":["https:\/\/event-sax-muenchen.com\/wp-content\/uploads\/2025\/10\/Hannes_Endres_bw_web_04-18x12.jpeg",18,12,true],"widget-thumbnail":["https:\/\/event-sax-muenchen.com\/wp-content\/uploads\/2025\/10\/Hannes_Endres_bw_web_04-75x75.jpeg",75,75,true],"inspiro-featured-image":["https:\/\/event-sax-muenchen.com\/wp-content\/uploads\/2025\/10\/Hannes_Endres_bw_web_04.jpeg",1620,1080,false],"inspiro-loop":["https:\/\/event-sax-muenchen.com\/wp-content\/uploads\/2025\/10\/Hannes_Endres_bw_web_04-950x320.jpeg",950,320,true],"inspiro-loop@2x":["https:\/\/event-sax-muenchen.com\/wp-content\/uploads\/2025\/10\/Hannes_Endres_bw_web_04-1620x640.jpeg",1620,640,true],"portfolio_item-thumbnail":["https:\/\/event-sax-muenchen.com\/wp-content\/uploads\/2025\/10\/Hannes_Endres_bw_web_04-600x400.jpeg",600,400,true],"portfolio_item-thumbnail@2x":["https:\/\/event-sax-muenchen.com\/wp-content\/uploads\/2025\/10\/Hannes_Endres_bw_web_04-1200x800.jpeg",1200,800,true],"portfolio_item-masonry":["https:\/\/event-sax-muenchen.com\/wp-content\/uploads\/2025\/10\/Hannes_Endres_bw_web_04-600x400.jpeg",600,400,true],"portfolio_item-masonry@2x":["https:\/\/event-sax-muenchen.com\/wp-content\/uploads\/2025\/10\/Hannes_Endres_bw_web_04-1200x800.jpeg",1200,800,true],"portfolio_item-thumbnail_cinema":["https:\/\/event-sax-muenchen.com\/wp-content\/uploads\/2025\/10\/Hannes_Endres_bw_web_04-800x335.jpeg",800,335,true],"portfolio_item-thumbnail_portrait":["https:\/\/event-sax-muenchen.com\/wp-content\/uploads\/2025\/10\/Hannes_Endres_bw_web_04-600x900.jpeg",600,900,true],"portfolio_item-thumbnail_portrait@2x":["https:\/\/event-sax-muenchen.com\/wp-content\/uploads\/2025\/10\/Hannes_Endres_bw_web_04-1200x1080.jpeg",1200,1080,true],"portfolio_item-thumbnail_square":["https:\/\/event-sax-muenchen.com\/wp-content\/uploads\/2025\/10\/Hannes_Endres_bw_web_04-800x800.jpeg",800,800,true]},"_links":{"self":[{"href":"https:\/\/event-sax-muenchen.com\/en\/wp-json\/wp\/v2\/pages\/29","targetHints":{"allow":["GET"]}}],"collection":[{"href":"https:\/\/event-sax-muenchen.com\/en\/wp-json\/wp\/v2\/pages"}],"about":[{"href":"https:\/\/event-sax-muenchen.com\/en\/wp-json\/wp\/v2\/types\/page"}],"author":[{"embeddable":true,"href":"https:\/\/event-sax-muenchen.com\/en\/wp-json\/wp\/v2\/users\/1"}],"replies":[{"embeddable":true,"href":"https:\/\/event-sax-muenchen.com\/en\/wp-json\/wp\/v2\/comments?post=29"}],"version-history":[{"count":6,"href":"https:\/\/event-sax-muenchen.com\/en\/wp-json\/wp\/v2\/pages\/29\/revisions"}],"predecessor-version":[{"id":7257,"href":"https:\/\/event-sax-muenchen.com\/en\/wp-json\/wp\/v2\/pages\/29\/revisions\/7257"}],"wp:featuredmedia":[{"embeddable":true,"href":"https:\/\/event-sax-muenchen.com\/en\/wp-json\/wp\/v2\/media\/6995"}],"wp:attachment":[{"href":"https:\/\/event-sax-muenchen.com\/en\/wp-json\/wp\/v2\/media?parent=29"}],"curies":[{"name":"wp","href":"https:\/\/api.w.org\/{rel}","templated":true}]}}