{"id":27,"date":"2025-12-12T19:32:58","date_gmt":"2025-12-12T19:32:58","guid":{"rendered":"https:\/\/event-sax-muenchen.com\/?page_id=27"},"modified":"2026-02-05T15:25:37","modified_gmt":"2026-02-05T15:25:37","slug":"homepage-2","status":"publish","type":"page","link":"https:\/\/event-sax-muenchen.com\/en\/","title":{"rendered":"Home"},"content":{"rendered":"<div class=\"wp-block-cover alignfull\" style=\"min-height:100vh;aspect-ratio:unset;\"><img loading=\"lazy\" decoding=\"async\" width=\"2560\" height=\"2560\" class=\"wp-block-cover__image-background wp-image-6991\" alt=\"\" src=\"https:\/\/event-sax-muenchen.com\/wp-content\/uploads\/2025\/10\/174A7565-scaled.jpeg\" style=\"object-position:46% 7%\" data-object-fit=\"cover\" data-object-position=\"46% 7%\" srcset=\"https:\/\/event-sax-muenchen.com\/wp-content\/uploads\/2025\/10\/174A7565-scaled.jpeg 2560w, https:\/\/event-sax-muenchen.com\/wp-content\/uploads\/2025\/10\/174A7565-300x300.jpeg 300w, https:\/\/event-sax-muenchen.com\/wp-content\/uploads\/2025\/10\/174A7565-1024x1024.jpeg 1024w, https:\/\/event-sax-muenchen.com\/wp-content\/uploads\/2025\/10\/174A7565-150x150.jpeg 150w, https:\/\/event-sax-muenchen.com\/wp-content\/uploads\/2025\/10\/174A7565-2000x2000.jpeg 2000w, https:\/\/event-sax-muenchen.com\/wp-content\/uploads\/2025\/10\/174A7565-scaled-12x12.jpeg 12w\" sizes=\"auto, (max-width: 2560px) 100vw, 2560px\" \/><span aria-hidden=\"true\" class=\"wp-block-cover__background has-background-dim-20 has-background-dim\" style=\"background-color:#443027\"><\/span><div class=\"wp-block-cover__inner-container has-global-padding is-layout-constrained wp-block-cover-is-layout-constrained\">\n<div style=\"height:100px\" aria-hidden=\"true\" class=\"wp-block-spacer\"><\/div>\n\n\n\n<p class=\"has-text-align-center has-white-color has-text-color has-max-60-font-size\" style=\"font-style:normal;font-weight:900;line-height:1.2\"><strong>Saxophonist in Munich<\/strong><\/p>\n\n\n\n<hr class=\"wp-block-separator has-alpha-channel-opacity\"\/>\n\n\n\n<p class=\"has-text-align-center has-white-color has-text-color has-large-font-size\">Live music for weddings, events and corporate parties<\/p>\n\n\n\n<a class=\"wp-block-wpzoom-video-popup-block-block wpzoom-video-popup-block\" href=\"https:\/\/youtu.be\/I6iQn25KD90\" data-popup-width=\"450px\"><span class=\"wpzoom-video-popup-block_icon\"><svg xmlns=\"http:\/\/www.w3.org\/2000\/svg\" viewbox=\"0 0 32 32\" aria-hidden=\"true\"><path d=\"m16 0c-8.8367 0-16 7.1633-16 16 0 8.8367 7.1633 16 16 16s16-7.1633 16-16c0-8.8367-7.2449-16-16-16zm-4.0816 23.918v-15.837l11.878 7.8571z\" fill=\"currentColor\"><\/path><\/svg><\/span><\/a>\n<\/div><\/div>\n\n\n\n<div class=\"wp-block-group has-global-padding is-layout-constrained wp-block-group-is-layout-constrained\">\n<div style=\"height:57px\" aria-hidden=\"true\" class=\"wp-block-spacer\"><\/div>\n\n\n\n<h2 class=\"wp-block-heading has-text-align-center has-medium-font-size\" style=\"letter-spacing:1px\">MUSIC CREATES MEMORIES THAT LAST \u2013 <br>ESPECIALLY WHEN PLAYED LIVE<\/h2>\n\n\n\n<p class=\"has-text-align-center translation-block\">I am <strong>Hannes Endres<\/strong>, a studied <strong>saxophonist from Munich<\/strong>, and I accompany your most beautiful moments with stylish, emotional saxophone sounds.<\/p>\n\n\n\n<p class=\"has-text-align-center translation-block\">Whether it's a <strong>wedding, engagement party, champagne reception, dinner, birthday, or company party<\/strong> -- my live music creates a unique atmosphere full of emotion, elegance, and energy.\nWith the warm sound of the saxophone, I create moments that give you goosebumps\u2014from modern <strong>pop and soul ballads to smooth jazz, lounge, and house music<\/strong> for your party.<\/p>\n\n\n\n<p class=\"has-text-align-center\"><\/p>\n\n\n\n<div style=\"height:57px\" aria-hidden=\"true\" class=\"wp-block-spacer\"><\/div>\n<\/div>\n\n\n\n<div id=\"services\" class=\"wp-block-group alignfull pattern_multiple_covers has-background has-global-padding is-layout-constrained wp-block-group-is-layout-constrained\">\n<div style=\"height:84px\" aria-hidden=\"true\" class=\"wp-block-spacer\"><\/div>\n\n\n\n<p class=\"has-text-align-center has-secondary-color has-text-color\" style=\"letter-spacing:1px\">SERVICES<\/p>\n\n\n\n<h2 class=\"wp-block-heading has-text-align-center\">My musical formats<\/h2>\n\n\n\n<p class=\"has-text-align-center translation-block\">Whether as a <strong>solo saxophonist<\/strong> with professional backing tracks, in a duo or combo with accompanying instruments, or as part of a <strong>DJ + saxophone duo<\/strong>, together we will create the perfect musical backdrop for your event in <strong>Munich, Bavaria, and the surrounding area<\/strong>. <br>Be inspired by the various formats here. Together we will find the right musical concept for your event.<\/p>\n\n\n\n<div style=\"height:46px\" aria-hidden=\"true\" class=\"wp-block-spacer\"><\/div>\n\n\n\n<div class=\"wp-block-columns is-layout-flex wp-container-core-columns-is-layout-28f84493 wp-block-columns-is-layout-flex\">\n<div class=\"wp-block-column is-layout-flow wp-block-column-is-layout-flow\" style=\"padding-top:0;padding-right:0;padding-bottom:0;padding-left:0\">\n<div class=\"wp-block-cover has-custom-content-position is-position-bottom-left\" style=\"padding-top:var(--wp--preset--spacing--small);padding-right:var(--wp--preset--spacing--x-small);padding-bottom:var(--wp--preset--spacing--small);padding-left:var(--wp--preset--spacing--x-small)\"><img loading=\"lazy\" decoding=\"async\" width=\"1024\" height=\"768\" class=\"wp-block-cover__image-background wp-image-6981 size-large\" alt=\"\" src=\"https:\/\/event-sax-muenchen.com\/wp-content\/uploads\/2025\/10\/IMG_5959-1-1024x768.jpeg\" data-object-fit=\"cover\" srcset=\"https:\/\/event-sax-muenchen.com\/wp-content\/uploads\/2025\/10\/IMG_5959-1-1024x768.jpeg 1024w, https:\/\/event-sax-muenchen.com\/wp-content\/uploads\/2025\/10\/IMG_5959-1-300x225.jpeg 300w, https:\/\/event-sax-muenchen.com\/wp-content\/uploads\/2025\/10\/IMG_5959-1-2000x1500.jpeg 2000w, https:\/\/event-sax-muenchen.com\/wp-content\/uploads\/2025\/10\/IMG_5959-1-scaled-16x12.jpeg 16w\" sizes=\"auto, (max-width: 1024px) 100vw, 1024px\" \/><span aria-hidden=\"true\" class=\"wp-block-cover__background has-primary-background-color has-background-dim-40 has-background-dim\"><\/span><div class=\"wp-block-cover__inner-container is-layout-flow wp-block-cover-is-layout-flow\">\n<h3 class=\"wp-block-heading has-white-color has-text-color has-medium-font-size\" style=\"margin-top:0;margin-right:0;margin-bottom:0;margin-left:0\">Saxophone SOLO<\/h3>\n\n\n\n<p class=\"has-secondary-color has-text-color has-link-color wp-elements-8c96fe4d6dbbcd403ed19f351c29e101\" style=\"margin-top:0;margin-right:0;margin-bottom:0;margin-left:0\"><a href=\"https:\/\/event-sax-muenchen.com\/en\/solo-saxophon\/\" title=\"Solo Saxophone\">More about\u2192<\/a><\/p>\n<\/div><\/div>\n<\/div>\n\n\n\n<div class=\"wp-block-column is-layout-flow wp-block-column-is-layout-flow\" style=\"padding-top:0;padding-right:0;padding-bottom:0;padding-left:0\">\n<div class=\"wp-block-cover has-custom-content-position is-position-bottom-left\" style=\"padding-top:var(--wp--preset--spacing--small);padding-right:var(--wp--preset--spacing--x-small);padding-bottom:var(--wp--preset--spacing--small);padding-left:var(--wp--preset--spacing--x-small)\"><img loading=\"lazy\" decoding=\"async\" width=\"1024\" height=\"683\" class=\"wp-block-cover__image-background wp-image-7194 size-large\" alt=\"\" src=\"https:\/\/event-sax-muenchen.com\/wp-content\/uploads\/2025\/12\/dolo-iglesias-z9z6u1rn7sY-unsplash-1024x683.jpg\" data-object-fit=\"cover\" srcset=\"https:\/\/event-sax-muenchen.com\/wp-content\/uploads\/2025\/12\/dolo-iglesias-z9z6u1rn7sY-unsplash-1024x683.jpg 1024w, https:\/\/event-sax-muenchen.com\/wp-content\/uploads\/2025\/12\/dolo-iglesias-z9z6u1rn7sY-unsplash-300x200.jpg 300w, https:\/\/event-sax-muenchen.com\/wp-content\/uploads\/2025\/12\/dolo-iglesias-z9z6u1rn7sY-unsplash-2000x1333.jpg 2000w, https:\/\/event-sax-muenchen.com\/wp-content\/uploads\/2025\/12\/dolo-iglesias-z9z6u1rn7sY-unsplash-600x400.jpg 600w, https:\/\/event-sax-muenchen.com\/wp-content\/uploads\/2025\/12\/dolo-iglesias-z9z6u1rn7sY-unsplash-1200x800.jpg 1200w, https:\/\/event-sax-muenchen.com\/wp-content\/uploads\/2025\/12\/dolo-iglesias-z9z6u1rn7sY-unsplash-scaled-18x12.jpg 18w\" sizes=\"auto, (max-width: 1024px) 100vw, 1024px\" \/><span aria-hidden=\"true\" class=\"wp-block-cover__background has-primary-background-color has-background-dim-40 has-background-dim\"><\/span><div class=\"wp-block-cover__inner-container is-layout-flow wp-block-cover-is-layout-flow\">\n<h3 class=\"wp-block-heading has-white-color has-text-color has-medium-font-size\" style=\"margin-top:0;margin-right:0;margin-bottom:0;margin-left:0\"><br>Saxophone DUO\/COMBO<\/h3>\n\n\n\n<p class=\"has-secondary-color has-text-color has-link-color wp-elements-7f9e3429d43dafe960b53fc994fe8cb8\" style=\"margin-top:0;margin-right:0;margin-bottom:0;margin-left:0\"><a href=\"https:\/\/event-sax-muenchen.com\/en\/duo-oder-combo\/\" title=\"Duo or Combo\">More about\u2192<\/a><\/p>\n<\/div><\/div>\n<\/div>\n\n\n\n<div class=\"wp-block-column is-layout-flow wp-block-column-is-layout-flow\" style=\"padding-top:0;padding-right:0;padding-bottom:0;padding-left:0\">\n<div class=\"wp-block-cover has-custom-content-position is-position-bottom-left\" style=\"padding-top:var(--wp--preset--spacing--small);padding-right:var(--wp--preset--spacing--x-small);padding-bottom:var(--wp--preset--spacing--small);padding-left:var(--wp--preset--spacing--x-small)\"><img loading=\"lazy\" decoding=\"async\" width=\"1024\" height=\"683\" class=\"wp-block-cover__image-background wp-image-7003 size-large\" alt=\"\" src=\"https:\/\/event-sax-muenchen.com\/wp-content\/uploads\/2025\/11\/marcela-laskoski-YrtFlrLo2DQ-unsplash-1024x683.jpg\" data-object-fit=\"cover\" srcset=\"https:\/\/event-sax-muenchen.com\/wp-content\/uploads\/2025\/11\/marcela-laskoski-YrtFlrLo2DQ-unsplash-1024x683.jpg 1024w, https:\/\/event-sax-muenchen.com\/wp-content\/uploads\/2025\/11\/marcela-laskoski-YrtFlrLo2DQ-unsplash-300x200.jpg 300w, https:\/\/event-sax-muenchen.com\/wp-content\/uploads\/2025\/11\/marcela-laskoski-YrtFlrLo2DQ-unsplash-2000x1333.jpg 2000w, https:\/\/event-sax-muenchen.com\/wp-content\/uploads\/2025\/11\/marcela-laskoski-YrtFlrLo2DQ-unsplash-scaled-18x12.jpg 18w\" sizes=\"auto, (max-width: 1024px) 100vw, 1024px\" \/><span aria-hidden=\"true\" class=\"wp-block-cover__background has-primary-background-color has-background-dim-40 has-background-dim\"><\/span><div class=\"wp-block-cover__inner-container is-layout-flow wp-block-cover-is-layout-flow\">\n<h3 class=\"wp-block-heading has-white-color has-text-color has-medium-font-size\" style=\"margin-top:0;margin-right:0;margin-bottom:0;margin-left:0\">Saxophone plus DJ<\/h3>\n\n\n\n<p class=\"has-secondary-color has-text-color has-link-color wp-elements-fd0e5979875a3d7c7c5a9411e7a74ca8\" style=\"margin-top:0;margin-right:0;margin-bottom:0;margin-left:0\"><a href=\"https:\/\/event-sax-muenchen.com\/en\/sax-plus-dj\/\" title=\"Sax plus DJ\">More about\u2192<\/a><\/p>\n<\/div><\/div>\n<\/div>\n<\/div>\n\n\n\n<div style=\"height:103px\" aria-hidden=\"true\" class=\"wp-block-spacer\"><\/div>\n<\/div>\n\n\n\n<div class=\"wp-block-group alignfull has-global-padding is-layout-constrained wp-block-group-is-layout-constrained\">\n<div class=\"wp-block-group has-global-padding is-layout-constrained wp-block-group-is-layout-constrained\" style=\"padding-top:var(--wp--preset--spacing--small);padding-bottom:var(--wp--preset--spacing--small)\">\n<div style=\"height:30px\" aria-hidden=\"true\" class=\"wp-block-spacer\"><\/div>\n\n\n\n<div class=\"wp-block-columns is-layout-flex wp-container-core-columns-is-layout-c375d253 wp-block-columns-is-layout-flex\">\n<div class=\"wp-block-column is-vertically-aligned-center is-layout-flow wp-block-column-is-layout-flow\">\n<p class=\"has-secondary-color has-text-color has-link-color wp-elements-d3862e1bf0257e68a81bc99e6ec46f3a\">BIOGRAPHY<\/p>\n\n\n\n<h2 class=\"wp-block-heading has-medium-font-size\" style=\"text-transform:uppercase\">ABOUT ME<\/h2>\n\n\n\n<p>I'm Hannes Endres, a saxophonist from Munich and a graduate of the jazz program at the Mainz University of Music, with a great deal of passion and a keen sense of what your event needs in terms of musical enrichment.<\/p>\n\n\n\n<div class=\"wp-block-buttons is-horizontal is-content-justification-left is-layout-flex wp-container-core-buttons-is-layout-20be11b6 wp-block-buttons-is-layout-flex\">\n<div class=\"wp-block-button is-style-outline is-style-outline--1\"><a class=\"wp-block-button__link wp-element-button\" href=\"https:\/\/event-sax-muenchen.com\/en\/about-2\/\" style=\"border-radius:0px\">MORE ABOUT ME<\/a><\/div>\n<\/div>\n<\/div>\n\n\n\n<div class=\"wp-block-column is-layout-flow wp-block-column-is-layout-flow\">\n<figure class=\"wp-block-image size-large\"><img loading=\"lazy\" decoding=\"async\" width=\"1024\" height=\"683\" src=\"https:\/\/event-sax-muenchen.com\/wp-content\/uploads\/2025\/10\/Hannes_Endres_web_01-1024x683.jpeg\" alt=\"\" class=\"wp-image-7000\" srcset=\"https:\/\/event-sax-muenchen.com\/wp-content\/uploads\/2025\/10\/Hannes_Endres_web_01-1024x683.jpeg 1024w, https:\/\/event-sax-muenchen.com\/wp-content\/uploads\/2025\/10\/Hannes_Endres_web_01-300x200.jpeg 300w, https:\/\/event-sax-muenchen.com\/wp-content\/uploads\/2025\/10\/Hannes_Endres_web_01-600x400.jpeg 600w, https:\/\/event-sax-muenchen.com\/wp-content\/uploads\/2025\/10\/Hannes_Endres_web_01-1200x800.jpeg 1200w, https:\/\/event-sax-muenchen.com\/wp-content\/uploads\/2025\/10\/Hannes_Endres_web_01-18x12.jpeg 18w, https:\/\/event-sax-muenchen.com\/wp-content\/uploads\/2025\/10\/Hannes_Endres_web_01.jpeg 1620w\" sizes=\"auto, (max-width: 1024px) 100vw, 1024px\" \/><\/figure>\n<\/div>\n<\/div>\n\n\n\n<div style=\"height:30px\" aria-hidden=\"true\" class=\"wp-block-spacer\"><\/div>\n<\/div>\n<\/div>\n\n\n\n<div id=\"partners\" class=\"wp-block-group has-global-padding is-content-justification-center is-layout-constrained wp-container-core-group-is-layout-dc06fb1d wp-block-group-is-layout-constrained\">\n<div class=\"wp-block-group has-global-padding is-content-justification-left is-layout-constrained wp-container-core-group-is-layout-5d29898d wp-block-group-is-layout-constrained\" style=\"padding-top:0px;padding-right:0;padding-bottom:var(--wp--preset--spacing--small);padding-left:0\">\n<div class=\"wp-block-columns is-layout-flex wp-container-core-columns-is-layout-28f84493 wp-block-columns-is-layout-flex\">\n<div class=\"wp-block-column is-layout-flow wp-block-column-is-layout-flow\" style=\"flex-basis:60%\">\n<div style=\"height:20px\" aria-hidden=\"true\" class=\"wp-block-spacer\"><\/div>\n\n\n\n<p class=\"has-secondary-color has-text-color\">REVIEWS<\/p>\n\n\n\n<h2 class=\"wp-block-heading has-text-align-left\">What my customers say about me<\/h2>\n\n\n\n<div style=\"height:36px\" aria-hidden=\"true\" class=\"wp-block-spacer\"><\/div>\n<\/div>\n\n\n\n<div class=\"wp-block-column is-layout-flow wp-block-column-is-layout-flow\" style=\"flex-basis:40%\"><\/div>\n<\/div>\n<\/div>\n\n\n\n<div class=\"wp-block-group has-global-padding is-layout-constrained wp-block-group-is-layout-constrained\"><div class=\"strong-view strong-view-id-3 default wpmtst-default slider-container carousel slider-mode-horizontal slider-adaptive\" data-count=\"4\" data-slider-var=\"strong_slider_id_3\" data-state=\"idle\"><div class=\"strong-content wpmslider-content\"><div class=\"wpmtst-testimonial testimonial t-slide post-7206\"><div class=\"wpmtst-testimonial-inner testimonial-inner\"><h3 class=\"wpmtst-testimonial-heading testimonial-heading\">Carolin Wittmann \u00b7 wedding<\/h3><div data-infinite-loop=\"true\"   class=\"wpmtst-testimonial-content testimonial-content\"><div class=\"maybe-clear\"><\/div><blockquote><p>Hannes accompanied our wedding with his saxophone and created a magical atmosphere for the champagne reception. 10\/10 \u263a\ufe0f<\/p><\/blockquote><\/div><div class=\"clear\"><\/div><\/div><\/div><div class=\"wpmtst-testimonial testimonial t-slide post-7207\"><div class=\"wpmtst-testimonial-inner testimonial-inner\"><h3 class=\"wpmtst-testimonial-heading testimonial-heading\">Djamal X. \u00b7 wedding<\/h3><div data-infinite-loop=\"true\"   class=\"wpmtst-testimonial-content testimonial-content\"><div class=\"maybe-clear\"><\/div><p>Hannes played at our wedding and we couldn't be happier! His music made the evening unforgettable. Thank you so much!<\/p><\/div><div class=\"clear\"><\/div><\/div><\/div><div class=\"wpmtst-testimonial testimonial t-slide post-7208\"><div class=\"wpmtst-testimonial-inner testimonial-inner\"><h3 class=\"wpmtst-testimonial-heading testimonial-heading\">Dogan Karakoc \u00b7 birthday party<\/h3><div data-infinite-loop=\"true\"   class=\"wpmtst-testimonial-content testimonial-content\"><div class=\"maybe-clear\"><\/div><blockquote><p class=\"translation-block\">Great communication, very straightforward.<br>\nHannes did everything humanly possible to make our spontaneous and unplanned birthday surprise a huge success.<br>\nWe're still talking to our friends about the cool mix of music and the atmosphere at the party.<br>\nThanks, Hannes, you're one of the best...<\/p><\/blockquote><\/div><div class=\"clear\"><\/div><\/div><\/div><div class=\"wpmtst-testimonial testimonial t-slide post-7209\"><div class=\"wpmtst-testimonial-inner testimonial-inner\"><h3 class=\"wpmtst-testimonial-heading testimonial-heading\">Phong Tran \u00b7 engagement party<\/h3><div data-infinite-loop=\"true\"   class=\"wpmtst-testimonial-content testimonial-content\"><div class=\"maybe-clear\"><\/div><blockquote><p>ALL TOP SAXOPHONIST!!! Highly recommended! Fast and friendly communication, wide range of music selection, and great value for money.<\/p><\/blockquote><\/div><div class=\"clear\"><\/div><\/div><\/div><\/div><\/div><\/div>\n\n\n\n<div style=\"height:100px\" aria-hidden=\"true\" class=\"wp-block-spacer\"><\/div>\n<\/div>\n\n\n\n<div class=\"wp-block-cover alignfull has-parallax is-position-center-center\" style=\"border-radius:0px\"><div class=\"wp-block-cover__image-background wp-image-6981 size-large has-parallax\" style=\"background-position:50% 50%;background-image:url(https:\/\/event-sax-muenchen.com\/wp-content\/uploads\/2025\/10\/IMG_5959-1-1024x768.jpeg)\"><\/div><span aria-hidden=\"true\" class=\"wp-block-cover__background has-black-background-color has-background-dim-40 has-background-dim\"><\/span><div class=\"wp-block-cover__inner-container is-layout-flow wp-block-cover-is-layout-flow\">\n<div class=\"wp-block-group has-global-padding is-layout-constrained wp-block-group-is-layout-constrained\">\n<h3 class=\"wp-block-heading has-text-align-center has-text-color has-medium-font-size\" style=\"color:#fffffa;text-transform:uppercase\">ENRICH YOUR EVENT<\/h3>\n\n\n\n<p class=\"has-text-align-center has-white-color has-text-color\">Let me advise you without obligation and help you make your event something special.<\/p>\n\n\n\n<div style=\"height:31px\" aria-hidden=\"true\" class=\"wp-block-spacer\"><\/div>\n\n\n\n<div class=\"wp-block-buttons is-horizontal is-content-justification-center is-layout-flex wp-container-core-buttons-is-layout-03627597 wp-block-buttons-is-layout-flex\">\n<div class=\"wp-block-button is-style-outline is-style-outline--2\"><a class=\"wp-block-button__link has-white-color has-text-color wp-element-button\" href=\"https:\/\/event-sax-muenchen.com\/en\/kontakt\/\" style=\"border-radius:0px\">CONTACT<\/a><\/div>\n<\/div>\n<\/div>\n<\/div><\/div>\n\n\n\n<div id=\"news\" class=\"wp-block-group has-global-padding is-layout-constrained wp-block-group-is-layout-constrained\">\n<div style=\"height:108px\" aria-hidden=\"true\" class=\"wp-block-spacer\"><\/div>\n\n\n\n<p class=\"has-text-align-left has-secondary-color has-text-color\"><\/p>\n<\/div>","protected":false},"excerpt":{"rendered":"<p>MUSIK SCHAFFT ERINNERUNGEN, DIE BLEIBEN \u2013 BESONDERS, WENN SIE LIVE GESPIELT WIRD Ich bin\u00a0Hannes Endres, studierter\u00a0Saxophonist aus M\u00fcnchen, und begleite Ihre sch\u00f6nsten Momente mit stilvollen, emotionalen Saxophonkl\u00e4ngen. Ob\u00a0Hochzeit,\u00a0Verlobungsfeier,\u00a0Sektempfang,\u00a0Dinner,\u00a0Geburtstag\u00a0oder\u00a0Firmenfeier\u00a0\u2013 meine Live-Musik sorgt f\u00fcr eine unverwechselbare Atmosph\u00e4re voller Gef\u00fchl, Eleganz und Energie.Mit dem warmen Klang des Saxophons schaffe ich G\u00e4nsehautmomente \u2013 von modernen\u00a0Pop- und Soul-Balladen\u00a0\u00fcber\u00a0Smooth Jazz\u00a0bis hin &hellip; <\/p>\n<p class=\"link-more\"><a href=\"https:\/\/event-sax-muenchen.com\/en\/\" class=\"more-link\">Read more<span class=\"screen-reader-text\"> &#8222;Startseite&#8220;<\/span><\/a><\/p>","protected":false},"author":1,"featured_media":0,"parent":0,"menu_order":0,"comment_status":"closed","ping_status":"closed","template":"page-templates\/homepage-builder-bb.php","meta":{"om_disable_all_campaigns":false,"_monsterinsights_skip_tracking":false,"_monsterinsights_sitenote_active":false,"_monsterinsights_sitenote_note":"","_monsterinsights_sitenote_category":0,"inspiro_hide_title":false,"footnotes":""},"class_list":["post-27","page","type-page","status-publish","hentry"],"aioseo_notices":[],"featured_media_urls":[],"_links":{"self":[{"href":"https:\/\/event-sax-muenchen.com\/en\/wp-json\/wp\/v2\/pages\/27","targetHints":{"allow":["GET"]}}],"collection":[{"href":"https:\/\/event-sax-muenchen.com\/en\/wp-json\/wp\/v2\/pages"}],"about":[{"href":"https:\/\/event-sax-muenchen.com\/en\/wp-json\/wp\/v2\/types\/page"}],"author":[{"embeddable":true,"href":"https:\/\/event-sax-muenchen.com\/en\/wp-json\/wp\/v2\/users\/1"}],"replies":[{"embeddable":true,"href":"https:\/\/event-sax-muenchen.com\/en\/wp-json\/wp\/v2\/comments?post=27"}],"version-history":[{"count":26,"href":"https:\/\/event-sax-muenchen.com\/en\/wp-json\/wp\/v2\/pages\/27\/revisions"}],"predecessor-version":[{"id":7300,"href":"https:\/\/event-sax-muenchen.com\/en\/wp-json\/wp\/v2\/pages\/27\/revisions\/7300"}],"wp:attachment":[{"href":"https:\/\/event-sax-muenchen.com\/en\/wp-json\/wp\/v2\/media?parent=27"}],"curies":[{"name":"wp","href":"https:\/\/api.w.org\/{rel}","templated":true}]}}